{"id":206,"date":"2024-05-25T13:50:23","date_gmt":"2024-05-25T13:50:23","guid":{"rendered":"https:\/\/detlefburket.de\/?page_id=206"},"modified":"2024-05-25T14:04:15","modified_gmt":"2024-05-25T14:04:15","slug":"kontakt","status":"publish","type":"page","link":"https:\/\/detlefburket.de\/?page_id=206","title":{"rendered":"Kontakt"},"content":{"rendered":"\n<div class=\"wp-block-group alignfull has-accent-5-background-color has-background has-global-padding is-layout-constrained wp-block-group-is-layout-constrained\" style=\"margin-top:0;margin-bottom:0;padding-top:var(--wp--preset--spacing--50);padding-right:var(--wp--preset--spacing--50);padding-bottom:var(--wp--preset--spacing--50);padding-left:var(--wp--preset--spacing--50)\">\n<div class=\"wp-block-columns alignwide are-vertically-aligned-center is-layout-flex wp-container-core-columns-is-layout-2 wp-block-columns-is-layout-flex\">\n<div class=\"wp-block-column is-vertically-aligned-center is-layout-flow wp-block-column-is-layout-flow\" style=\"flex-basis:40%\">\n<h2 class=\"wp-block-heading\">Kontakt<\/h2>\n\n\n\n<p>Am schnellsten erreichen Sie mich telefonisch per Festnetz oder Mobil-Telefon. Ich rufe Sie schnellstens zur\u00fcck.<\/p>\n\n\n\n<p>Der erfahrungsgem\u00e4\u00df unsicherste Weg der Kontakt- aufnahme ist die E-Mail. Sollten Sie 2-3 Tage nach dem Verschicken noch keine Reaktion von mir haben, rufen Sie mich doch an.<\/p>\n\n\n\n<div class=\"wp-block-columns is-layout-flex wp-container-core-columns-is-layout-1 wp-block-columns-is-layout-flex\">\n<div class=\"wp-block-column is-layout-flow wp-block-column-is-layout-flow\">\n<p><strong>Detlef Burket<\/strong><br><strong>Telefon: <\/strong>02137\/9208357<br><strong>Mobil:<\/strong> 0175\/7407360<br><strong>Email:<\/strong> <a href=\"mailto:mail@detlefburket.de\">mail@detlefburket.d<\/a>e<\/p>\n<\/div>\n\n\n\n<div class=\"wp-block-column is-layout-flow wp-block-column-is-layout-flow\">\n<p><strong>Postanschrift<\/strong>:<br>Am Konebusch 11<br>D-41469 Neuss<\/p>\n<\/div>\n<\/div>\n<\/div>\n\n\n\n<div class=\"wp-block-column is-vertically-aligned-center is-layout-flow wp-block-column-is-layout-flow\" style=\"flex-basis:60%\">\n<iframe src=\"https:\/\/www.google.com\/maps\/embed?pb=!1m18!1m12!1m3!1d275.46005448538716!2d6.705467962035038!3d51.145641740516346!2m3!1f0!2f0!3f0!3m2!1i1024!2i768!4f13.1!3m3!1m2!1s0x47bf4ab7e89f48f7%3A0x205f74e776884ab1!2sDetlef%20Burket!5e0!3m2!1sde!2snl!4v1716644632726!5m2!1sde!2snl\" width=\"600\" height=\"450\" style=\"border:0;\" allowfullscreen=\"\" loading=\"lazy\" referrerpolicy=\"no-referrer-when-downgrade\"><\/iframe>\n<\/div>\n<\/div>\n<\/div>\n","protected":false},"excerpt":{"rendered":"<p>Kontakt Am schnellsten erreichen Sie mich telefonisch per Festnetz oder Mobil-Telefon. Ich rufe Sie schnellstens zur\u00fcck. Der erfahrungsgem\u00e4\u00df unsicherste Weg der Kontakt- aufnahme ist die E-Mail. Sollten Sie 2-3 Tage nach dem Verschicken noch keine Reaktion von mir haben, rufen Sie mich doch an. Detlef BurketTelefon: 02137\/9208357Mobil: 0175\/7407360Email: mail@detlefburket.de Postanschrift:Am Konebusch 11D-41469 Neuss<\/p>\n","protected":false},"author":1,"featured_media":0,"parent":0,"menu_order":0,"comment_status":"closed","ping_status":"closed","template":"","meta":{"footnotes":""},"_links":{"self":[{"href":"https:\/\/detlefburket.de\/index.php?rest_route=\/wp\/v2\/pages\/206"}],"collection":[{"href":"https:\/\/detlefburket.de\/index.php?rest_route=\/wp\/v2\/pages"}],"about":[{"href":"https:\/\/detlefburket.de\/index.php?rest_route=\/wp\/v2\/types\/page"}],"author":[{"embeddable":true,"href":"https:\/\/detlefburket.de\/index.php?rest_route=\/wp\/v2\/users\/1"}],"replies":[{"embeddable":true,"href":"https:\/\/detlefburket.de\/index.php?rest_route=%2Fwp%2Fv2%2Fcomments&post=206"}],"version-history":[{"count":8,"href":"https:\/\/detlefburket.de\/index.php?rest_route=\/wp\/v2\/pages\/206\/revisions"}],"predecessor-version":[{"id":220,"href":"https:\/\/detlefburket.de\/index.php?rest_route=\/wp\/v2\/pages\/206\/revisions\/220"}],"wp:attachment":[{"href":"https:\/\/detlefburket.de\/index.php?rest_route=%2Fwp%2Fv2%2Fmedia&parent=206"}],"curies":[{"name":"wp","href":"https:\/\/api.w.org\/{rel}","templated":true}]}}