{"id":222,"date":"2024-05-25T14:18:32","date_gmt":"2024-05-25T14:18:32","guid":{"rendered":"https:\/\/detlefburket.de\/?page_id=222"},"modified":"2024-05-27T16:59:22","modified_gmt":"2024-05-27T16:59:22","slug":"hoerproben","status":"publish","type":"page","link":"https:\/\/detlefburket.de\/?page_id=222","title":{"rendered":"H\u00f6rproben"},"content":{"rendered":"\n<div class=\"wp-block-columns is-layout-flex wp-container-core-columns-is-layout-1 wp-block-columns-is-layout-flex\">\n<div class=\"wp-block-column is-layout-flow wp-block-column-is-layout-flow\">\n<h2 class=\"wp-block-heading\">H\u00f6rproben<\/h2>\n\n\n\n<p>H\u00f6ren Sie sich hier von mir gespielte GEMA-lizensierte Titel an:<\/p>\n\n\n\n<p>Trotz der Lizensgeb\u00fchr untersagen die gesetzlichen Bestimmungen der GEMA leider grunds\u00e4tzlich die \u00f6ffentliche Einstellung von Titeln mit einer L\u00e4nge \u00fcber 45 Sekunden ins Internet. Alles andere w\u00e4re illegal und ich m\u00f6chte mich auch hier korrekt verhalten.<\/p>\n\n\n\n<p>Wenn Sie komplett gespielte Titel von mir h\u00f6ren m\u00f6chten, sprechen Sie mich bitte an. Ich w\u00fcnsche Ihnen gute Unterhaltung und viel Spa\u00df beim Anh\u00f6ren der Titel.<\/p>\n<\/div>\n\n\n\n<div class=\"wp-block-column is-layout-flow wp-block-column-is-layout-flow\">\n<iframe loading=\"lazy\" width=\"100%\" height=\"450\" scrolling=\"no\" frameborder=\"no\" allow=\"autoplay\" src=\"https:\/\/w.soundcloud.com\/player\/?url=https%3A\/\/api.soundcloud.com\/playlists\/30696866&#038;color=%236f130b&#038;auto_play=false&#038;hide_related=false&#038;show_comments=true&#038;show_user=true&#038;show_reposts=false&#038;show_teaser=true\"><\/iframe><div style=\"font-size: 10px; color: #cccccc;line-break: anywhere;word-break: normal;overflow: hidden;white-space: nowrap;text-overflow: ellipsis; font-family: Interstate,Lucida Grande,Lucida Sans Unicode,Lucida Sans,Garuda,Verdana,Tahoma,sans-serif;font-weight: 100;\"><a href=\"https:\/\/soundcloud.com\/detlef-burket\" title=\"Detlef Burket\" target=\"_blank\" style=\"color: #cccccc; text-decoration: none;\" rel=\"noopener\">Detlef Burket<\/a> \u00b7 <a href=\"https:\/\/soundcloud.com\/detlef-burket\/sets\/instrumental\" title=\"Instrumental\" target=\"_blank\" style=\"color: #cccccc; text-decoration: none;\" rel=\"noopener\">Instrumental<\/a><\/div>\n<\/div>\n<\/div>\n\n\n\n<h2 class=\"wp-block-heading\">Live<\/h2>\n\n\n\n<p>Hier noch zwei kleine Ausschnitte eines Live-Auftritts mit Klavier und Gesang:<\/p>\n\n\n\n<figure class=\"wp-block-embed is-type-video is-provider-youtube wp-block-embed-youtube wp-embed-aspect-16-9 wp-has-aspect-ratio\"><div class=\"wp-block-embed__wrapper\">\n<iframe loading=\"lazy\" title=\"Detlef Burket - What A Wonderful World (Piano\/Gesang)\" width=\"500\" height=\"281\" src=\"https:\/\/www.youtube.com\/embed\/SSz7muZGXXE?feature=oembed\" frameborder=\"0\" allow=\"accelerometer; autoplay; clipboard-write; encrypted-media; gyroscope; picture-in-picture; web-share\" referrerpolicy=\"strict-origin-when-cross-origin\" allowfullscreen><\/iframe>\n<\/div><\/figure>\n\n\n\n<figure class=\"wp-block-embed is-type-video is-provider-youtube wp-block-embed-youtube wp-embed-aspect-16-9 wp-has-aspect-ratio\"><div class=\"wp-block-embed__wrapper\">\n<iframe loading=\"lazy\" title=\"Detlef Burket - MoonRiver (Piano\/Gesang)\" width=\"500\" height=\"281\" src=\"https:\/\/www.youtube.com\/embed\/F0fEfdfQZX8?feature=oembed\" frameborder=\"0\" allow=\"accelerometer; autoplay; clipboard-write; encrypted-media; gyroscope; picture-in-picture; web-share\" referrerpolicy=\"strict-origin-when-cross-origin\" allowfullscreen><\/iframe>\n<\/div><\/figure>\n","protected":false},"excerpt":{"rendered":"<p>H\u00f6rproben H\u00f6ren Sie sich hier von mir gespielte GEMA-lizensierte Titel an: Trotz der Lizensgeb\u00fchr untersagen die gesetzlichen Bestimmungen der GEMA leider grunds\u00e4tzlich die \u00f6ffentliche Einstellung von Titeln mit einer L\u00e4nge \u00fcber 45 Sekunden ins Internet. Alles andere w\u00e4re illegal und ich m\u00f6chte mich auch hier korrekt verhalten. Wenn Sie komplett gespielte Titel von mir h\u00f6ren [&hellip;]<\/p>\n","protected":false},"author":1,"featured_media":0,"parent":0,"menu_order":0,"comment_status":"closed","ping_status":"closed","template":"","meta":{"footnotes":""},"_links":{"self":[{"href":"https:\/\/detlefburket.de\/index.php?rest_route=\/wp\/v2\/pages\/222"}],"collection":[{"href":"https:\/\/detlefburket.de\/index.php?rest_route=\/wp\/v2\/pages"}],"about":[{"href":"https:\/\/detlefburket.de\/index.php?rest_route=\/wp\/v2\/types\/page"}],"author":[{"embeddable":true,"href":"https:\/\/detlefburket.de\/index.php?rest_route=\/wp\/v2\/users\/1"}],"replies":[{"embeddable":true,"href":"https:\/\/detlefburket.de\/index.php?rest_route=%2Fwp%2Fv2%2Fcomments&post=222"}],"version-history":[{"count":6,"href":"https:\/\/detlefburket.de\/index.php?rest_route=\/wp\/v2\/pages\/222\/revisions"}],"predecessor-version":[{"id":241,"href":"https:\/\/detlefburket.de\/index.php?rest_route=\/wp\/v2\/pages\/222\/revisions\/241"}],"wp:attachment":[{"href":"https:\/\/detlefburket.de\/index.php?rest_route=%2Fwp%2Fv2%2Fmedia&parent=222"}],"curies":[{"name":"wp","href":"https:\/\/api.w.org\/{rel}","templated":true}]}}